{"id":447,"date":"2024-06-29T08:05:40","date_gmt":"2024-06-29T08:05:40","guid":{"rendered":"https:\/\/neuen.ch\/GVK\/?page_id=447"},"modified":"2024-08-26T20:30:06","modified_gmt":"2024-08-26T20:30:06","slug":"der-verein","status":"publish","type":"page","link":"https:\/\/gewerbevereinkrauchthal.ch\/?page_id=447","title":{"rendered":"Der Verein"},"content":{"rendered":"<div data-colibri-id=\"447-c1\" class=\"style-543 style-local-447-c1 position-relative\">\n  <!---->\n  <div data-colibri-component=\"section\" data-colibri-id=\"447-c2\" id=\"custom\" class=\"h-section h-section-global-spacing d-flex align-items-lg-start align-items-md-start align-items-start style-544 style-local-447-c2 position-relative\">\n    <!---->\n    <!---->\n    <div class=\"h-section-grid-container h-section-boxed-container\">\n      <!---->\n      <div data-colibri-id=\"447-c3\" class=\"h-row-container gutters-row-lg-2 gutters-row-md-2 gutters-row-0 gutters-row-v-lg-2 gutters-row-v-md-2 gutters-row-v-2 style-545 style-local-447-c3 position-relative\">\n        <!---->\n        <div class=\"h-row justify-content-lg-center justify-content-md-center justify-content-center align-items-lg-center align-items-md-center align-items-center gutters-col-lg-2 gutters-col-md-2 gutters-col-0 gutters-col-v-lg-2 gutters-col-v-md-2 gutters-col-v-2\">\n          <!---->\n          <div class=\"h-column h-column-container d-flex h-col-lg-12 h-col-md-12 h-col-12 align-self-lg-center align-self-md-center align-self-center style-546-outer style-local-447-c4-outer\">\n            <div data-colibri-id=\"447-c4\" class=\"d-flex h-flex-basis h-column__inner h-px-lg-2 h-px-md-2 h-px-2 v-inner-lg-2 v-inner-md-2 v-inner-2 style-546 style-local-447-c4 position-relative\">\n              <!---->\n              <!---->\n              <div class=\"w-100 h-y-container h-column__content h-column__v-align flex-basis-100 align-self-lg-start align-self-md-start align-self-start\">\n                <!---->\n                <div data-colibri-id=\"447-c5\" class=\"h-text h-text-component style-549 style-local-447-c5 position-relative h-element\">\n                  <!---->\n                  <!---->\n                  <div class=\"\">\n                    <p><span style=\"color: rgb(64, 85, 169); font-family: &quot;Open Sans&quot;; font-size: 16px; font-weight: 400;\">Am 18. Oktober 1994 wurde der Gewerbeverein Krauchthal gegr\u00fcndet.&nbsp;Der&nbsp;Ausl\u00f6ser war der&nbsp;\u00abGrossacher\u00bb. F\u00fcr die \u00dcberbauung des gemeindeeigenen Landes wurde eine Wohnbaugenossenschaft gegr\u00fcndet, in welcher auch der Gemeinderat vertreten war. Die Absicht war,&nbsp;das&nbsp;Steuereinkommen der Gemeinde zu verbessern und somit die Arbeiten vorwiegend an das&nbsp;einheimische Gewerbe zu vergeben. Um die Interessen der Handwerker und Gewerbe-treibenden&nbsp;besser durchzusetzen, wurde der Verein gegr\u00fcndet.&nbsp;An der Gr\u00fcndungsversammlung&nbsp;schlossen&nbsp;sich 57&nbsp;Gewerbler zusammen. Die Anwesenden&nbsp;w\u00e4hlten den Initianten J\u00f6rg Moser zum ersten&nbsp;Pr\u00e4sidenten und J\u00fcrg Stalder zum Vizepr\u00e4sidenten. Im weiteren wurden Kathrin Luder&nbsp;(Sekret\u00e4rin),&nbsp;Christian Hostettler&nbsp;(Kassier) sowie&nbsp;Regina Gloor und Hans Haueter (Beisitzer)&nbsp;in den Vorstand gew\u00e4hlt.<\/span><\/p>\n                  <\/div>\n                <\/div>\n                <div data-colibri-id=\"447-c6\" class=\"d-block style-552 style-local-447-c6 position-relative h-element\">\n                  <!---->\n                  <div class=\"h-image__frame-container-outer\">\n                    <div class=\"h-image__frame-container\">\n                      <!---->\n                      <!---->\n                      <img loading=\"lazy\" decoding=\"async\" width=\"391\" height=\"276\" src=\"https:\/\/neuen.ch\/gvk_test\/wp-content\/uploads\/2024\/06\/gruender.png\" class=\"wp-image-48 style-552-image style-local-447-c6-image\" alt=\"\" srcset=\"https:\/\/neuen.ch\/GVK\/wp-content\/uploads\/2024\/06\/gruender.png 391w, https:\/\/neuen.ch\/GVK\/wp-content\/uploads\/2024\/06\/gruender-300x212.png 300w\" sizes=\"auto, (max-width: 391px) 100vw, 391px\" \/>\n                      <div class=\"h-image__frame h-hide-lg h-hide-md h-hide-sm style-552-frameImage style-local-447-c6-frameImage\"><\/div>\n                    <\/div>\n                  <\/div>\n                <\/div>\n              <\/div>\n            <\/div>\n          <\/div>\n        <\/div>\n      <\/div>\n      <div data-colibri-id=\"447-c7\" class=\"h-row-container gutters-row-lg-2 gutters-row-md-2 gutters-row-0 gutters-row-v-lg-2 gutters-row-v-md-2 gutters-row-v-2 style-553 style-local-447-c7 position-relative\">\n        <!---->\n        <div class=\"h-row justify-content-lg-center justify-content-md-center justify-content-center align-items-lg-stretch align-items-md-stretch align-items-stretch gutters-col-lg-2 gutters-col-md-2 gutters-col-0 gutters-col-v-lg-2 gutters-col-v-md-2 gutters-col-v-2\">\n          <!---->\n          <div class=\"h-column h-column-container d-flex h-col-lg-auto h-col-md-auto h-col-auto style-554-outer style-local-447-c8-outer\">\n            <div data-colibri-id=\"447-c8\" class=\"d-flex h-flex-basis h-column__inner h-px-lg-2 h-px-md-2 h-px-2 v-inner-lg-2 v-inner-md-2 v-inner-2 style-554 style-local-447-c8 position-relative\">\n              <!---->\n              <!---->\n              <div class=\"w-100 h-y-container h-column__content h-column__v-align flex-basis-100 align-self-lg-start align-self-md-start align-self-start\">\n                <!---->\n                <div data-colibri-id=\"447-c9\" class=\"h-text h-text-component style-555 style-local-447-c9 position-relative h-element\">\n                  <!---->\n                  <!---->\n                  <div class=\"\">\n                    <p><span style=\"color: rgb(64, 85, 169); font-family: &quot;Open Sans&quot;; font-size: 16px; font-weight: 400;\">2 Jahre nach der Gr\u00fcndung wurde die erste Gewerbeausstellung durchgef\u00fchrt. 55 Aussteller beteiligten sich w\u00e4hrend 3 Tagen an dieser Leistungsschau. Sie wurde ein grosser Erfolg und lockte die Bev\u00f6lkerung von nah und fern nach Krauchthal. Im Jahr 2005 wurde die zweite Gewerbeausstellung in Hettiswil durchgef\u00fchrt.<\/span>&nbsp;2016\n                      fand ich Krauchthal die Gewerbepr\u00e4sentation statt, welche ein grosses Interesse weckte, nicht zuletzt danke der Anwesenheit von Rudolf Strahm, welcher \u00fcber unsere Bildungssystem referierte.<\/p>\n                  <\/div>\n                <\/div>\n              <\/div>\n            <\/div>\n          <\/div>\n        <\/div>\n      <\/div>\n    <\/div>\n  <\/div>\n<\/div>","protected":false},"excerpt":{"rendered":"<p>Am 18. Oktober 1994 wurde der Gewerbeverein Krauchthal gegr\u00fcndet.&nbsp;Der&nbsp;Ausl\u00f6ser war der&nbsp;\u00abGrossacher\u00bb. F\u00fcr die \u00dcberbauung des gemeindeeigenen Landes wurde eine Wohnbaugenossenschaft gegr\u00fcndet, in welcher auch der Gemeinderat vertreten war. Die Absicht [&hellip;]<\/p>\n","protected":false},"author":1,"featured_media":0,"parent":0,"menu_order":0,"comment_status":"closed","ping_status":"closed","template":"page-templates\/full-width-page.php","meta":{"_price":"","_stock":"","_tribe_ticket_header":"","_tribe_default_ticket_provider":"","_tribe_ticket_capacity":"0","_ticket_start_date":"","_ticket_end_date":"","_tribe_ticket_show_description":"","_tribe_ticket_show_not_going":false,"_tribe_ticket_use_global_stock":"","_tribe_ticket_global_stock_level":"","_global_stock_mode":"","_global_stock_cap":"","_tribe_rsvp_for_event":"","_tribe_ticket_going_count":"","_tribe_ticket_not_going_count":"","_tribe_tickets_list":"[]","_tribe_ticket_has_attendee_info_fields":false,"footnotes":"","_tec_slr_enabled":"","_tec_slr_layout":""},"class_list":["post-447","page","type-page","status-publish","hentry"],"ticketed":false,"_links":{"self":[{"href":"https:\/\/gewerbevereinkrauchthal.ch\/index.php?rest_route=\/wp\/v2\/pages\/447","targetHints":{"allow":["GET"]}}],"collection":[{"href":"https:\/\/gewerbevereinkrauchthal.ch\/index.php?rest_route=\/wp\/v2\/pages"}],"about":[{"href":"https:\/\/gewerbevereinkrauchthal.ch\/index.php?rest_route=\/wp\/v2\/types\/page"}],"author":[{"embeddable":true,"href":"https:\/\/gewerbevereinkrauchthal.ch\/index.php?rest_route=\/wp\/v2\/users\/1"}],"replies":[{"embeddable":true,"href":"https:\/\/gewerbevereinkrauchthal.ch\/index.php?rest_route=%2Fwp%2Fv2%2Fcomments&post=447"}],"version-history":[{"count":7,"href":"https:\/\/gewerbevereinkrauchthal.ch\/index.php?rest_route=\/wp\/v2\/pages\/447\/revisions"}],"predecessor-version":[{"id":1437,"href":"https:\/\/gewerbevereinkrauchthal.ch\/index.php?rest_route=\/wp\/v2\/pages\/447\/revisions\/1437"}],"wp:attachment":[{"href":"https:\/\/gewerbevereinkrauchthal.ch\/index.php?rest_route=%2Fwp%2Fv2%2Fmedia&parent=447"}],"curies":[{"name":"wp","href":"https:\/\/api.w.org\/{rel}","templated":true}]}}